{"id":13,"date":"2021-03-18T14:34:36","date_gmt":"2021-03-18T13:34:36","guid":{"rendered":"http:\/\/apadem.fr\/?page_id=13"},"modified":"2022-09-13T16:04:31","modified_gmt":"2022-09-13T14:04:31","slug":"notre-objet","status":"publish","type":"page","link":"https:\/\/apadem.fr\/index.php\/notre-objet\/","title":{"rendered":"Nos dossiers"},"content":{"rendered":"<p style=\"text-align: left;\" align=\"center\"><span style=\"font-size: 18pt;\"><span style=\"color: #d20000;\"><b>LES 6 ENJEUX DU <\/b><\/span><span style=\"color: #d20000;\"><b>C\u0152UR DE VILLE <\/b><\/span><span style=\"color: #d20000;\"><b>D\u2019AIX-EN-PROVENCE<\/b><\/span><\/span><\/p>\n<p style=\"text-align: left;\" align=\"center\"><span style=\"color: #806000;\"><span style=\"font-size: x-large;\">Ce que <\/span><\/span><span style=\"color: #806000;\"><span style=\"font-size: x-large;\">l\u2019APADEM<\/span><\/span><span style=\"color: #806000;\"><span style=\"font-size: x-large;\"> d\u00e9fend &#8211; Lire la plaquette<br \/>\n<\/span><\/span><\/p>\n<p style=\"text-align: left;\" align=\"center\"><a href=\"https:\/\/apadem.fr\/wp-content\/uploads\/2022\/09\/Plaquette-APADEM_v2.pdf\">Plaquette APADEM<\/a><\/p>\n<p><strong>Juin 2022 Transports Aixois &#8211; R\u00e9union du 15 juin 2022<\/strong><\/p>\n<p><img loading=\"lazy\" decoding=\"async\" class=\"alignnone size-medium wp-image-473\" src=\"https:\/\/apadem.fr\/wp-content\/uploads\/2022\/09\/Compte-rendu-reunion-transport-du-15-juin-2022-300x75.jpeg\" alt=\"\" width=\"300\" height=\"75\" srcset=\"https:\/\/apadem.fr\/wp-content\/uploads\/2022\/09\/Compte-rendu-reunion-transport-du-15-juin-2022-300x75.jpeg 300w, https:\/\/apadem.fr\/wp-content\/uploads\/2022\/09\/Compte-rendu-reunion-transport-du-15-juin-2022-150x38.jpeg 150w, https:\/\/apadem.fr\/wp-content\/uploads\/2022\/09\/Compte-rendu-reunion-transport-du-15-juin-2022.jpeg 640w\" sizes=\"auto, (max-width: 300px) 100vw, 300px\" \/><a href=\"https:\/\/apadem.fr\/wp-content\/uploads\/2022\/09\/OpenDocument-Text.pdf\">Compte rendu de la r\u00e9uniion du 15 juin 2022<\/a><\/p>\n<p><strong>D\u00e9cembre 2021<\/strong><\/p>\n<p><a href=\"https:\/\/apadem.fr\/wp-content\/uploads\/2022\/01\/2021126-APADEM_Rehabilitation-de-lex-couvent-des-Pre\u0302cheurs_Communique\u0301-de-Presse_6Dec-2021.pdf\">R\u00e9habilitation de l&rsquo;ex-couvent des Pre\u0302cheurs_Communique\u0301 de Presse_6Dec 2021<\/a><\/p>\n<p>L&rsquo;APADEM est et restera une force de proposition exigeante quant aux processus de s\u00e9lection des offres relatif \u00e0 la r\u00e9habilitation de l&rsquo;ex couvent des Pr\u00eacheurs.<\/p>\n<p><strong>Novembre 2021<\/strong><\/p>\n<p>Sophie Joissains \u00e9lue Maire de notre ville : L&rsquo;Apadem lui adresse un courrier dans lequel nous lui rappelons nos engagements, nos propositions et visions du c\u0153ur de notre ville.<\/p>\n<p><a href=\"https:\/\/apadem.fr\/wp-content\/uploads\/2021\/11\/Lettre-APADEM-a-Mme-Sophie-Joissains_9-Novembre-2021.pdf\">Lettre\u00a0 \u00e0 Mme Sophie Joissains<\/a><\/p>\n<p><strong>Juillet 2021<\/strong><\/p>\n<p>L&rsquo;Apadem adresse aux \u00e9lus de la ville d&rsquo;Aix en Provence sa vision sur la r\u00e9habilitation du coll\u00e8ge des Pr\u00eacheurs<\/p>\n<p><a href=\"https:\/\/apadem.fr\/wp-content\/uploads\/2021\/11\/Renouveau-du-quartier-des-Precheurs.pdf\">Renouveau du quartier des Pr\u00eacheurs<\/a><\/p>\n<p><strong>Juin 2020<\/strong><br \/>\nL&rsquo;Apadem interpelle les candidats aux \u00e9lection municipales et pr\u00e9cise les priorit\u00e9s qu&rsquo;elle aimerait voir prises en compte.<br \/>\n<a href=\"https:\/\/apadem.fr\/wp-content\/uploads\/2021\/05\/APADEM-Lettre-ouverte-2%C2%B0tour.pdf\" target=\"_blank\" rel=\"noopener\">Lettre ouverte aux candidats pour le 2\u00b0 tour<\/a><\/p>\n<p><strong>F\u00e9vrier 2020<\/strong><br \/>\n<a href=\"https:\/\/apadem.fr\/wp-content\/uploads\/2021\/03\/Fev2020_Reflexions-APADEM-Enjeux-du-quartier-comtal.pdf\" target=\"_blank\" rel=\"noopener noreferrer\">Le quartier des places comtales : premier bilan et perspectives<\/a><\/p>\n<p><strong>Novembre 2019<\/strong><br \/>\n<a href=\"https:\/\/apadem.fr\/wp-content\/uploads\/2021\/03\/Nov-2019_IDEES-pour-animer-les-places.pdf\" target=\"_blank\" rel=\"noopener noreferrer\">Nos id\u00e9es pour animer les places<\/a><\/p>\n<p><strong>Mai 2019<\/strong><br \/>\n<a href=\"https:\/\/apadem.fr\/wp-content\/uploads\/2021\/03\/Mai-2019_Nos-idees-pour-faire-vivre-les-places.pdf\" target=\"_blank\" rel=\"noopener noreferrer\">Nos id\u00e9es pour faire vivre les places<\/a><\/p>\n<p><strong>Octobre 2018<\/strong><br \/>\n<a href=\"https:\/\/apadem.fr\/wp-content\/uploads\/2021\/03\/Avril-2018_Des-suggestions-concretes-.pdf\" target=\"_blank\" rel=\"noopener noreferrer\">De la vie pour nos places : des suggestions concr\u00e8tes<\/a><\/p>\n<p><strong>Octobre 2017<\/strong><br \/>\n<a href=\"https:\/\/apadem.fr\/wp-content\/uploads\/2021\/03\/Dec-2017_Nos-propositions.pdf\" target=\"_blank\" rel=\"noopener noreferrer\">Pour vivre nos places : nos propositions<\/a><\/p>\n<p>&nbsp;<\/p>\n<p>&nbsp;<\/p>\n<p>&nbsp;<\/p>\n<p>&nbsp;<\/p>\n<p>&nbsp;<\/p>\n<p>&nbsp;<\/p>\n<p>&nbsp;<\/p>\n","protected":false},"excerpt":{"rendered":"<p>LES 6 ENJEUX DU C\u0152UR DE VILLE D\u2019AIX-EN-PROVENCE Ce que l\u2019APADEM d\u00e9fend &#8211; Lire la plaquette Plaquette APADEM Juin 2022 Transports Aixois &#8211; R\u00e9union du 15 juin 2022 Compte rendu de la r\u00e9uniion du 15 juin 2022 D\u00e9cembre 2021 R\u00e9habilitation de l&rsquo;ex-couvent des Pre\u0302cheurs_Communique\u0301 de Presse_6Dec 2021 L&rsquo;APADEM est et&#8230;<\/p>\n<p> <a class=\"continue-reading-link\" href=\"https:\/\/apadem.fr\/index.php\/notre-objet\/\"><span>Continue reading<\/span><i class=\"crycon-right-dir\"><\/i><\/a> <\/p>\n","protected":false},"author":2,"featured_media":0,"parent":0,"menu_order":0,"comment_status":"closed","ping_status":"closed","template":"","meta":{"footnotes":""},"class_list":["post-13","page","type-page","status-publish","hentry"],"_links":{"self":[{"href":"https:\/\/apadem.fr\/index.php\/wp-json\/wp\/v2\/pages\/13","targetHints":{"allow":["GET"]}}],"collection":[{"href":"https:\/\/apadem.fr\/index.php\/wp-json\/wp\/v2\/pages"}],"about":[{"href":"https:\/\/apadem.fr\/index.php\/wp-json\/wp\/v2\/types\/page"}],"author":[{"embeddable":true,"href":"https:\/\/apadem.fr\/index.php\/wp-json\/wp\/v2\/users\/2"}],"replies":[{"embeddable":true,"href":"https:\/\/apadem.fr\/index.php\/wp-json\/wp\/v2\/comments?post=13"}],"version-history":[{"count":24,"href":"https:\/\/apadem.fr\/index.php\/wp-json\/wp\/v2\/pages\/13\/revisions"}],"predecessor-version":[{"id":509,"href":"https:\/\/apadem.fr\/index.php\/wp-json\/wp\/v2\/pages\/13\/revisions\/509"}],"wp:attachment":[{"href":"https:\/\/apadem.fr\/index.php\/wp-json\/wp\/v2\/media?parent=13"}],"curies":[{"name":"wp","href":"https:\/\/api.w.org\/{rel}","templated":true}]}}