{"id":15,"date":"2021-03-18T14:34:50","date_gmt":"2021-03-18T13:34:50","guid":{"rendered":"http:\/\/apadem.fr\/?page_id=15"},"modified":"2022-09-26T17:05:21","modified_gmt":"2022-09-26T15:05:21","slug":"nos-orientations-actuelles","status":"publish","type":"page","link":"https:\/\/apadem.fr\/index.php\/nos-orientations-actuelles\/","title":{"rendered":"Nos actualit\u00e9s"},"content":{"rendered":"<p><a href=\"https:\/\/apadem.fr\/wp-content\/uploads\/2022\/09\/Lettre-n-72-Apadem.pdf\"><strong>LETTRE D&rsquo;INFORMATION N\u00b072<\/strong><\/a><\/p>\n<p><strong>Une rentr\u00e9e dense pour l&rsquo;APADEM<br \/>\n<\/strong><\/p>\n<p><a href=\"https:\/\/apadem.fr\/wp-content\/uploads\/2022\/09\/Lettre-dinformation-n\u00b071.pdf\"><strong>APADEM LETTRE D&rsquo;INFORMATION N\u00b0 71<\/strong><\/a><\/p>\n<p>Forum des associations du 11 septembre 2022<\/p>\n<p><a href=\"https:\/\/apadem.fr\/wp-content\/uploads\/2022\/09\/Plaquette_APADEM_version_courriel_v3.pdf\">Plaquette APADEM<\/a><\/p>\n<p>Plaquette remise aux visiteurs de notre stand lors du forum<\/p>\n<p><strong><a href=\"https:\/\/apadem.fr\/wp-content\/uploads\/2022\/08\/Gmail-lApadem-et-lEurope-1.pdf\">APADEM LETTRE D&rsquo;INFORMATION N\u00b070<\/a><\/strong><\/p>\n<p>Assises Europ\u00e9ennes du centre ville \u00e0 Strasbourg du 26 au 28 juin 2022<\/p>\n<p>L&rsquo;APADEM y \u00e9tait.<\/p>\n<p><a href=\"https:\/\/apadem.fr\/wp-content\/uploads\/2022\/09\/Programme-des-assises-Europeennes-centre-vile-les-27-et-28-juin-2022.pdf\">Programme des assises Europ\u00e9ennes centre ville les 27 et 28 juin 2022<\/a><\/p>\n<p><strong><a href=\"https:\/\/apadem.fr\/wp-content\/uploads\/2022\/06\/APADEM-LETTRE-D-INFORMATIO-N-69.pdf\">APADEM LETTRE D INFORMATIO N\u00b0 69<\/a><\/strong><\/p>\n<p>L&rsquo;Assembl\u00e9e g\u00e9n\u00e9rale de l&rsquo;association du mercredi 8 juin 2022 r\u00e9ussie !<\/p>\n<p>Voir article de la Provence du 12 juin 2022 &#8211; Rubrique revue de presse<\/p>\n<p><a href=\"https:\/\/apadem.fr\/wp-content\/uploads\/2022\/06\/APADEM-LETTRE-INFORMATION-N-68.pdf\"><strong>APADEM LETTRE INFORMATION N\u00b0 68<\/strong><\/a><\/p>\n<p>Vous \u00eates Aixois(e) et interess\u00e9(e) par le centre ville ?<\/p>\n<p>L&rsquo;AG de l&rsquo;APADEM est pour vous !!<\/p>\n<p><a href=\"https:\/\/apadem.fr\/wp-content\/uploads\/2022\/06\/APADEM-LETTRE-INFORMATION-N-67-1.pdf\"><strong>APADEM LETTRE INFORMATION N\u00b0 67 (1)<\/strong><\/a><\/p>\n<p>Le couvent des Pr\u00eacheurs demain ! \u00c9pisode 3<\/p>\n<p><a href=\"https:\/\/apadem.fr\/wp-content\/uploads\/2022\/06\/APADEM-LETTRE-INFORMATION-N-66.pdf\"><strong>APADEM LETTRE INFORMATION N\u00b0 66<\/strong><\/a><\/p>\n<p>Le couvent des Pr\u00eacheurs demain ! \u00c9pisode 2<\/p>\n<p><a href=\"https:\/\/apadem.fr\/wp-content\/uploads\/2022\/06\/APADEM-LETTRE-INFORMATION-N-65.pdf\"><strong>APADEM LETTRE INFORMATION N\u00b0 65<\/strong><\/a><\/p>\n<p>Le couvent des Pr\u00eacheurs demain ! \u00c9pisode 1<\/p>\n<p><strong><a href=\"https:\/\/apadem.fr\/wp-content\/uploads\/2022\/01\/APADEM-LETTRE-INFORMATION-N\u00b064.pdf\">APADEM LETTRE INFORMATION N\u00b064<\/a><\/strong><\/p>\n<p>La Provence publie les propositions de l&rsquo;APADEM<\/p>\n<p style=\"text-align: left;\"><a href=\"https:\/\/apadem.fr\/wp-content\/uploads\/2021\/10\/APADEM-LETTRE-INFORMATION-N\u00b063.pdf\"><strong>APADEM LETTRE INFORMATION N\u00b063<\/strong><\/a><\/p>\n<p style=\"text-align: left;\">L&rsquo;APADEM est d\u00e9sormais membre du comit\u00e9 consultatif d&rsquo;expertise pour l&rsquo;ancien couvent des Pr\u00eacheurs<\/p>\n<p style=\"text-align: left;\"><strong><a href=\"https:\/\/apadem.fr\/wp-content\/uploads\/2021\/10\/APADEM-LETTRE-INFORMATION-N\u00b062.pdf\">APADEM LETTRE INFORMATION N\u00b062<\/a><\/strong><\/p>\n<p style=\"text-align: left;\">R\u00e9habilitation du coll\u00e8ge des Pr\u00eacheurs : un dossier tr\u00e8s vivant<\/p>\n<p><a href=\"https:\/\/apadem.fr\/wp-content\/uploads\/2021\/10\/APADEM-LETTRE-INFORMATION-N\u00b061.pdf\"><strong>APADEM LETTRE INFORMATION N\u00b061<\/strong><\/a><\/p>\n<p>Serions nous entendus ?<\/p>\n","protected":false},"excerpt":{"rendered":"<p>LETTRE D&rsquo;INFORMATION N\u00b072 Une rentr\u00e9e dense pour l&rsquo;APADEM APADEM LETTRE D&rsquo;INFORMATION N\u00b0 71 Forum des associations du 11 septembre 2022 Plaquette APADEM Plaquette remise aux visiteurs de notre stand lors du forum APADEM LETTRE D&rsquo;INFORMATION N\u00b070 Assises Europ\u00e9ennes du centre ville \u00e0 Strasbourg du 26 au 28 juin 2022 L&rsquo;APADEM&#8230;<\/p>\n<p> <a class=\"continue-reading-link\" href=\"https:\/\/apadem.fr\/index.php\/nos-orientations-actuelles\/\"><span>Continue reading<\/span><i class=\"crycon-right-dir\"><\/i><\/a> <\/p>\n","protected":false},"author":2,"featured_media":0,"parent":0,"menu_order":0,"comment_status":"closed","ping_status":"closed","template":"","meta":{"footnotes":""},"class_list":["post-15","page","type-page","status-publish","hentry"],"_links":{"self":[{"href":"https:\/\/apadem.fr\/index.php\/wp-json\/wp\/v2\/pages\/15","targetHints":{"allow":["GET"]}}],"collection":[{"href":"https:\/\/apadem.fr\/index.php\/wp-json\/wp\/v2\/pages"}],"about":[{"href":"https:\/\/apadem.fr\/index.php\/wp-json\/wp\/v2\/types\/page"}],"author":[{"embeddable":true,"href":"https:\/\/apadem.fr\/index.php\/wp-json\/wp\/v2\/users\/2"}],"replies":[{"embeddable":true,"href":"https:\/\/apadem.fr\/index.php\/wp-json\/wp\/v2\/comments?post=15"}],"version-history":[{"count":32,"href":"https:\/\/apadem.fr\/index.php\/wp-json\/wp\/v2\/pages\/15\/revisions"}],"predecessor-version":[{"id":523,"href":"https:\/\/apadem.fr\/index.php\/wp-json\/wp\/v2\/pages\/15\/revisions\/523"}],"wp:attachment":[{"href":"https:\/\/apadem.fr\/index.php\/wp-json\/wp\/v2\/media?parent=15"}],"curies":[{"name":"wp","href":"https:\/\/api.w.org\/{rel}","templated":true}]}}