{"id":2,"date":"2021-03-12T10:23:49","date_gmt":"2021-03-12T09:23:49","guid":{"rendered":"http:\/\/apadem.fr\/?page_id=2"},"modified":"2022-09-12T19:02:36","modified_gmt":"2022-09-12T17:02:36","slug":"page-d-exemple","status":"publish","type":"page","link":"https:\/\/apadem.fr\/","title":{"rendered":"Accueil"},"content":{"rendered":"<p style=\"text-align: justify;\"><a href=\"https:\/\/apadem.fr\/index.php\/page-d-exemple\/20100608-111628_aix_marche_place_precheurs\/\" rel=\"attachment wp-att-220\"><img loading=\"lazy\" decoding=\"async\" class=\"size-medium wp-image-220 alignleft\" src=\"https:\/\/apadem.fr\/wp-content\/uploads\/2021\/05\/20100608-111628_aix_marche_place_precheurs-300x200.jpg\" alt=\"\" width=\"300\" height=\"200\" srcset=\"https:\/\/apadem.fr\/wp-content\/uploads\/2021\/05\/20100608-111628_aix_marche_place_precheurs-300x200.jpg 300w, https:\/\/apadem.fr\/wp-content\/uploads\/2021\/05\/20100608-111628_aix_marche_place_precheurs-150x100.jpg 150w, https:\/\/apadem.fr\/wp-content\/uploads\/2021\/05\/20100608-111628_aix_marche_place_precheurs.jpg 600w\" sizes=\"auto, (max-width: 300px) 100vw, 300px\" \/><\/a>L&rsquo;APADEM \u0153uvre pour la <strong>sauvegarde, la d\u00e9fense, le d\u00e9veloppement de la vitalit\u00e9 et le dynamisme du Centre-Ville d\u2019Aix-en-Provence<\/strong> intra-muros ainsi que l\u2019appui et le soutien \u00e0 ses habitants et usagers.<\/p>\n<p style=\"text-align: center;\"><strong>NOTRE AMBITION<br \/>\n<\/strong><strong>Promouvoir une nouvelle attractivit\u00e9 du c\u0153ur de ville<\/strong><\/p>\n<p>&nbsp;<\/p>\n<p style=\"text-align: center;\"><strong><a href=\"https:\/\/apadem.fr\/index.php\/page-d-exemple\/olympus-digital-camera\/\" rel=\"attachment wp-att-223\"><img loading=\"lazy\" decoding=\"async\" class=\"wp-image-223 size-medium alignleft\" src=\"https:\/\/apadem.fr\/wp-content\/uploads\/2021\/05\/Palais-de-justice-300x172.jpg\" alt=\"\" width=\"300\" height=\"172\" srcset=\"https:\/\/apadem.fr\/wp-content\/uploads\/2021\/05\/Palais-de-justice-300x172.jpg 300w, https:\/\/apadem.fr\/wp-content\/uploads\/2021\/05\/Palais-de-justice-1024x586.jpg 1024w, https:\/\/apadem.fr\/wp-content\/uploads\/2021\/05\/Palais-de-justice-768x439.jpg 768w, https:\/\/apadem.fr\/wp-content\/uploads\/2021\/05\/Palais-de-justice-1536x879.jpg 1536w, https:\/\/apadem.fr\/wp-content\/uploads\/2021\/05\/Palais-de-justice-2048x1172.jpg 2048w, https:\/\/apadem.fr\/wp-content\/uploads\/2021\/05\/Palais-de-justice-150x86.jpg 150w\" sizes=\"auto, (max-width: 300px) 100vw, 300px\" \/><\/a>NOS ACTIONS<\/strong><\/p>\n<p style=\"text-align: justify;\"><strong>Impliquer les r\u00e9sidents et les commer\u00e7ants pour :<\/strong><\/p>\n<ul style=\"text-align: justify; list-style-type: disc;\">\n<li>\u00a0<strong>Choisir ensemble les projets<\/strong> qu\u2019il conviendrait de mettre en \u0153uvre pour redonner son attractivit\u00e9 au c\u0153ur de ville,<\/li>\n<li><strong>\u00a0Rem\u00e9dier \u00e0 la d\u00e9gradation de l\u2019habitat ancien<\/strong> et<\/li>\n<li><strong>\u00a0Veiller au retour des familles<\/strong> parmi les r\u00e9sidents du centre-ville.<\/li>\n<\/ul>\n<p style=\"text-align: justify;\"><strong><a href=\"https:\/\/apadem.fr\/index.php\/page-d-exemple\/20170113_colleigiens-piqueniquant\/\" rel=\"attachment wp-att-222\"><img loading=\"lazy\" decoding=\"async\" class=\"size-medium wp-image-222 alignleft\" src=\"https:\/\/apadem.fr\/wp-content\/uploads\/2021\/05\/20170113_colleigiens-piqueniquant-300x238.jpg\" alt=\"\" width=\"300\" height=\"238\" srcset=\"https:\/\/apadem.fr\/wp-content\/uploads\/2021\/05\/20170113_colleigiens-piqueniquant-300x238.jpg 300w, https:\/\/apadem.fr\/wp-content\/uploads\/2021\/05\/20170113_colleigiens-piqueniquant-1024x811.jpg 1024w, https:\/\/apadem.fr\/wp-content\/uploads\/2021\/05\/20170113_colleigiens-piqueniquant-768x608.jpg 768w, https:\/\/apadem.fr\/wp-content\/uploads\/2021\/05\/20170113_colleigiens-piqueniquant-1536x1217.jpg 1536w, https:\/\/apadem.fr\/wp-content\/uploads\/2021\/05\/20170113_colleigiens-piqueniquant-150x119.jpg 150w, https:\/\/apadem.fr\/wp-content\/uploads\/2021\/05\/20170113_colleigiens-piqueniquant.jpg 1948w\" sizes=\"auto, (max-width: 300px) 100vw, 300px\" \/><\/a>Promouvoir l\u2019installation de commer\u00e7ants ind\u00e9pendants locaux<\/strong>.<\/p>\n<p style=\"text-align: justify;\"><strong>Dialoguer avec la Municipalit\u00e9<\/strong> pour <strong>donner un v\u00e9ritable sens \u00e0 la r\u00e9habilitation du patrimoine<\/strong> encore trop d\u00e9laiss\u00e9 du c\u0153ur de ville et r\u00e9animer ses quartiers.<\/p>\n<p style=\"text-align: justify;\"><strong>Encourager un meilleur d\u00e9veloppement culturel et social<\/strong> autour des 3 places, en particulier pour les jeunes.<\/p>\n<p style=\"text-align: justify;\"><strong>Favoriser les commerces ind\u00e9pendants<\/strong> qui diffusent l\u2019artisanat et les productions locales, sources essentielles de la vie des quartiers.<\/p>\n<p style=\"text-align: justify;\"><strong>Lutter contre les ilots de chaleur<\/strong> exacerb\u00e9s par l\u2019am\u00e9nagement trop min\u00e9ral du quartier des 3 places et y favoriser davantage de v\u00e9g\u00e9talisation.<\/p>\n<p style=\"text-align: justify;\"><strong>Faciliter l\u2019acc\u00e8s au c\u0153ur de ville<\/strong> par des transports en commun adapt\u00e9s et respectueux de la g\u00e9ographie du centre-ville.<\/p>\n<p style=\"text-align: justify;\"><strong>Coop\u00e9rer entre associations pour<\/strong> :<\/p>\n<ul style=\"text-align: justify; list-style-type: disc;\">\n<li><strong>Mieux prendre en compte les attentes<\/strong>, les besoins et les id\u00e9es de chacun quant aux \u00e9quipements n\u00e9cessaires \u00e0 la vie des quartiers.<\/li>\n<li><strong>Cr\u00e9er du lien entre r\u00e9sidents et usagers<\/strong> et participer aux animations.<\/li>\n<\/ul>\n<p style=\"text-align: justify;\"><strong>\u00catre force de proposition reconnue <\/strong><strong>pour animer la vie commerciale et sociale du c\u0153ur de ville<\/strong><\/p>\n<p style=\"text-align: center;\">\n","protected":false},"excerpt":{"rendered":"<p>L&rsquo;APADEM \u0153uvre pour la sauvegarde, la d\u00e9fense, le d\u00e9veloppement de la vitalit\u00e9 et le dynamisme du Centre-Ville d\u2019Aix-en-Provence intra-muros ainsi que l\u2019appui et le soutien \u00e0 ses habitants et usagers. NOTRE AMBITION Promouvoir une nouvelle attractivit\u00e9 du c\u0153ur de ville &nbsp; NOS ACTIONS Impliquer les r\u00e9sidents et les commer\u00e7ants pour&#8230;<\/p>\n<p> <a class=\"continue-reading-link\" href=\"https:\/\/apadem.fr\/\"><span>Continue reading<\/span><i class=\"crycon-right-dir\"><\/i><\/a> <\/p>\n","protected":false},"author":2,"featured_media":0,"parent":0,"menu_order":0,"comment_status":"closed","ping_status":"open","template":"","meta":{"footnotes":""},"class_list":["post-2","page","type-page","status-publish","hentry"],"_links":{"self":[{"href":"https:\/\/apadem.fr\/index.php\/wp-json\/wp\/v2\/pages\/2","targetHints":{"allow":["GET"]}}],"collection":[{"href":"https:\/\/apadem.fr\/index.php\/wp-json\/wp\/v2\/pages"}],"about":[{"href":"https:\/\/apadem.fr\/index.php\/wp-json\/wp\/v2\/types\/page"}],"author":[{"embeddable":true,"href":"https:\/\/apadem.fr\/index.php\/wp-json\/wp\/v2\/users\/2"}],"replies":[{"embeddable":true,"href":"https:\/\/apadem.fr\/index.php\/wp-json\/wp\/v2\/comments?post=2"}],"version-history":[{"count":46,"href":"https:\/\/apadem.fr\/index.php\/wp-json\/wp\/v2\/pages\/2\/revisions"}],"predecessor-version":[{"id":503,"href":"https:\/\/apadem.fr\/index.php\/wp-json\/wp\/v2\/pages\/2\/revisions\/503"}],"wp:attachment":[{"href":"https:\/\/apadem.fr\/index.php\/wp-json\/wp\/v2\/media?parent=2"}],"curies":[{"name":"wp","href":"https:\/\/api.w.org\/{rel}","templated":true}]}}