{"id":44,"date":"2021-03-30T17:49:26","date_gmt":"2021-03-30T15:49:26","guid":{"rendered":"http:\/\/apadem.fr\/?page_id=44"},"modified":"2021-03-30T18:00:01","modified_gmt":"2021-03-30T16:00:01","slug":"2017-2","status":"publish","type":"page","link":"https:\/\/apadem.fr\/index.php\/2017-2\/","title":{"rendered":"2017"},"content":{"rendered":"<p><a href=\"https:\/\/apadem.fr\/wp-content\/uploads\/2021\/03\/aix-en-dialogue-sept-oct-2011-p3-idito-Mairesse.png\" target=\"_blank\" rel=\"noopener noreferrer\">Des \u00e9tapes in\u00e9vitables pour construire la ville de demain<\/a><\/p>\n<p><a href=\"https:\/\/apadem.fr\/wp-content\/uploads\/2021\/03\/les_causeries_du_palais_mars_2017_hd.pdf\" target=\"_blank\" rel=\"noopener noreferrer\">Les Causerie du Palais &#8211; mars 2017<\/a><\/p>\n<p><a href=\"https:\/\/apadem.fr\/wp-content\/uploads\/2021\/03\/Police-municipale_PRO27-09-2017.pdf\" target=\"_blank\" rel=\"noopener noreferrer\">Police municipale : mont\u00e9e en puissance et missions diverses &#8211; La Provence (septembre 2017)<\/a><\/p>\n<p><a href=\"https:\/\/apadem.fr\/wp-content\/uploads\/2021\/03\/PRO_21juill17_Gestion-dAix-epinglee.pdf\" target=\"_blank\" rel=\"noopener noreferrer\">La gestion du patrimoine en d\u00e9bat &#8211; La Provence (juillet 2017)<\/a><\/p>\n","protected":false},"excerpt":{"rendered":"<p>Des \u00e9tapes in\u00e9vitables pour construire la ville de demain Les Causerie du Palais &#8211; mars 2017 Police municipale : mont\u00e9e en puissance et missions diverses &#8211; La Provence (septembre 2017) La gestion du patrimoine en d\u00e9bat &#8211; La Provence (juillet 2017)<\/p>\n<p> <a class=\"continue-reading-link\" href=\"https:\/\/apadem.fr\/index.php\/2017-2\/\"><span>Continue reading<\/span><i class=\"crycon-right-dir\"><\/i><\/a> <\/p>\n","protected":false},"author":2,"featured_media":0,"parent":0,"menu_order":0,"comment_status":"closed","ping_status":"closed","template":"","meta":{"footnotes":""},"class_list":["post-44","page","type-page","status-publish","hentry"],"_links":{"self":[{"href":"https:\/\/apadem.fr\/index.php\/wp-json\/wp\/v2\/pages\/44","targetHints":{"allow":["GET"]}}],"collection":[{"href":"https:\/\/apadem.fr\/index.php\/wp-json\/wp\/v2\/pages"}],"about":[{"href":"https:\/\/apadem.fr\/index.php\/wp-json\/wp\/v2\/types\/page"}],"author":[{"embeddable":true,"href":"https:\/\/apadem.fr\/index.php\/wp-json\/wp\/v2\/users\/2"}],"replies":[{"embeddable":true,"href":"https:\/\/apadem.fr\/index.php\/wp-json\/wp\/v2\/comments?post=44"}],"version-history":[{"count":4,"href":"https:\/\/apadem.fr\/index.php\/wp-json\/wp\/v2\/pages\/44\/revisions"}],"predecessor-version":[{"id":62,"href":"https:\/\/apadem.fr\/index.php\/wp-json\/wp\/v2\/pages\/44\/revisions\/62"}],"wp:attachment":[{"href":"https:\/\/apadem.fr\/index.php\/wp-json\/wp\/v2\/media?parent=44"}],"curies":[{"name":"wp","href":"https:\/\/api.w.org\/{rel}","templated":true}]}}