{"id":50,"date":"2021-03-30T17:49:48","date_gmt":"2021-03-30T15:49:48","guid":{"rendered":"http:\/\/apadem.fr\/?page_id=50"},"modified":"2022-01-25T16:33:00","modified_gmt":"2022-01-25T15:33:00","slug":"2020-2","status":"publish","type":"page","link":"https:\/\/apadem.fr\/index.php\/2020-2\/","title":{"rendered":"2020 2021"},"content":{"rendered":"<p><a href=\"https:\/\/apadem.fr\/wp-content\/uploads\/2022\/01\/CAHIER-DES-CHARGES-DE-L-APADEM-La-Provence-du-28-decembre-2021.png\">CAHIER DES CHARGES DE L&rsquo;APADEM La Provence (28\/12\/2021)<\/a><\/p>\n<p><a href=\"https:\/\/apadem.fr\/wp-content\/uploads\/2021\/11\/LA-PHRASE-DU-PRESIDENT.pdf\">LA PHRASE DU PRESIDENT DE L&rsquo;APADEM La Provence (08\/04\/2021)<\/a><\/p>\n<p><a href=\"https:\/\/apadem.fr\/wp-content\/uploads\/2021\/11\/PRECHEURS-GUERRE-DE-LA-CESSION.pdf\">PRECHEURS GUERRE DE LA CESSION\u00a0 La Provence (28\/03\/2021)<\/a><\/p>\n<p><a href=\"https:\/\/apadem.fr\/wp-content\/uploads\/2021\/04\/Renovation-cheminements-Miollis-Precheurs.jpg\" target=\"_blank\" rel=\"noopener\">R\u00e9novation cheminements Miollis-Pr\u00eacheurs &#8211; La Provence (13 octobre 2020)<\/a><\/p>\n<p><a href=\"https:\/\/apadem.fr\/index.php\/2020-2\/apadem-doleances-2tour-pdf-pro-du-23juin-2020\/\" target=\"_blank\" rel=\"attachment noopener wp-att-146\">Apadem, dol\u00e9ances aux candidats &#8211; La Provence (23 juin 2020)<\/a><\/p>\n<p><a href=\"https:\/\/apadem.fr\/index.php\/2020-2\/apadem-et-les-programmes_pro-du-12-mars-2020-copie\/\" target=\"_blank\" rel=\"attachment noopener wp-att-147\">APADEM et les programmes &#8211; La Provence (12 mars 2020)<\/a><\/p>\n<p><a href=\"https:\/\/apadem.fr\/index.php\/2020-2\/malfacons-des-places-comtales-_pro-du-15fev2020\/\" target=\"_blank\" rel=\"attachment noopener wp-att-151\">Malfa\u00e7ons des places comtales &#8211; La Provence (15 f\u00e9vrier 2020)<\/a><\/p>\n<p><a href=\"https:\/\/apadem.fr\/index.php\/2020-2\/lapadem-ecrit-aux-candidats\/\" target=\"_blank\" rel=\"attachment noopener wp-att-149\">L&rsquo;APADEM \u00e9crit aux candidats &#8211; La Provence (6 f\u00e9vrier 2020)<\/a><\/p>\n<p><a href=\"https:\/\/apadem.fr\/index.php\/2020-2\/le-cours-mirabeau-banalise\/\" target=\"_blank\" rel=\"attachment noopener wp-att-150\">Le Cours Mirabeau banalis\u00e9 &#8211; La Provence (1er f\u00e9vrier 2020)<\/a><\/p>\n<p><a href=\"https:\/\/apadem.fr\/index.php\/2020-2\/gradins-graves-fontaine-arbaud\/\" target=\"_blank\" rel=\"attachment noopener wp-att-148\">Gradins grav\u00e9s, fontaine Arbaud &#8211; La Provence (31 janvier 2020)<\/a><\/p>\n<p>&nbsp;<\/p>\n<p>&nbsp;<\/p>\n<p>&nbsp;<\/p>\n<p>&nbsp;<\/p>\n<p>&nbsp;<\/p>\n<p>&nbsp;<\/p>\n<p>&nbsp;<\/p>\n<p>&nbsp;<\/p>\n<p>&nbsp;<\/p>\n<p>&nbsp;<\/p>\n","protected":false},"excerpt":{"rendered":"<p>CAHIER DES CHARGES DE L&rsquo;APADEM La Provence (28\/12\/2021) LA PHRASE DU PRESIDENT DE L&rsquo;APADEM La Provence (08\/04\/2021) PRECHEURS GUERRE DE LA CESSION\u00a0 La Provence (28\/03\/2021) R\u00e9novation cheminements Miollis-Pr\u00eacheurs &#8211; La Provence (13 octobre 2020) Apadem, dol\u00e9ances aux candidats &#8211; La Provence (23 juin 2020) APADEM et les programmes &#8211; La&#8230;<\/p>\n<p> <a class=\"continue-reading-link\" href=\"https:\/\/apadem.fr\/index.php\/2020-2\/\"><span>Continue reading<\/span><i class=\"crycon-right-dir\"><\/i><\/a> <\/p>\n","protected":false},"author":2,"featured_media":0,"parent":0,"menu_order":0,"comment_status":"closed","ping_status":"closed","template":"","meta":{"footnotes":""},"class_list":["post-50","page","type-page","status-publish","hentry"],"_links":{"self":[{"href":"https:\/\/apadem.fr\/index.php\/wp-json\/wp\/v2\/pages\/50","targetHints":{"allow":["GET"]}}],"collection":[{"href":"https:\/\/apadem.fr\/index.php\/wp-json\/wp\/v2\/pages"}],"about":[{"href":"https:\/\/apadem.fr\/index.php\/wp-json\/wp\/v2\/types\/page"}],"author":[{"embeddable":true,"href":"https:\/\/apadem.fr\/index.php\/wp-json\/wp\/v2\/users\/2"}],"replies":[{"embeddable":true,"href":"https:\/\/apadem.fr\/index.php\/wp-json\/wp\/v2\/comments?post=50"}],"version-history":[{"count":17,"href":"https:\/\/apadem.fr\/index.php\/wp-json\/wp\/v2\/pages\/50\/revisions"}],"predecessor-version":[{"id":375,"href":"https:\/\/apadem.fr\/index.php\/wp-json\/wp\/v2\/pages\/50\/revisions\/375"}],"wp:attachment":[{"href":"https:\/\/apadem.fr\/index.php\/wp-json\/wp\/v2\/media?parent=50"}],"curies":[{"name":"wp","href":"https:\/\/api.w.org\/{rel}","templated":true}]}}